{"id":254758,"date":"2023-01-24T13:39:13","date_gmt":"2023-01-24T12:39:13","guid":{"rendered":"https:\/\/www.npwj.org\/chi-siamo__trashed\/team\/giulia-schiavoni\/"},"modified":"2024-08-30T13:25:15","modified_gmt":"2024-08-30T11:25:15","slug":"giulia-schiavoni","status":"publish","type":"page","link":"https:\/\/www.npwj.org\/it\/chi-siamo\/team\/giulia-schiavoni\/","title":{"rendered":"Giulia Schiavoni"},"content":{"rendered":"<p>[et_pb_section fb_built=&#8221;1&#8243; _builder_version=&#8221;4.19.2&#8243; _module_preset=&#8221;default&#8221; use_background_color_gradient=&#8221;on&#8221; background_color_gradient_direction=&#8221;90deg&#8221; background_color_gradient_stops=&#8221;#7b7b7b 0%|rgba(27,25,25,0) 100%&#8221; background_color_gradient_overlays_image=&#8221;on&#8221; background_image=&#8221;http:\/\/www.npwj.org\/wp-content\/uploads\/2022\/12\/team-background.jpg&#8221; module_alignment=&#8221;center&#8221; height=&#8221;350px&#8221; max_height=&#8221;350px&#8221; global_colors_info=&#8221;{}&#8221;][et_pb_row _builder_version=&#8221;4.18.0&#8243; _module_preset=&#8221;default&#8221; global_colors_info=&#8221;{}&#8221;][et_pb_column type=&#8221;4_4&#8243; _builder_version=&#8221;4.18.0&#8243; _module_preset=&#8221;default&#8221; global_colors_info=&#8221;{}&#8221;][et_pb_text module_class=&#8221;titleprycam&#8221; _builder_version=&#8221;4.25.0&#8243; _module_preset=&#8221;default&#8221; header_font=&#8221;||||||||&#8221; header_text_color=&#8221;#FFFFFF&#8221; header_font_size=&#8221;60px&#8221; header_line_height=&#8221;1.3em&#8221; custom_margin=&#8221;||0px||false|false&#8221; custom_padding=&#8221;||0px||false|false&#8221; global_colors_info=&#8221;{}&#8221;]<\/p>\n<h1 style=\"text-align: center; font-weight: 800;\">Team<\/h1>\n<p>[\/et_pb_text][et_pb_image src=&#8221;https:\/\/www.npwj.org\/wp-content\/uploads\/2022\/10\/underline.png&#8221; title_text=&#8221;underline&#8221; show_bottom_space=&#8221;off&#8221; align=&#8221;center&#8221; _builder_version=&#8221;4.18.0&#8243; _module_preset=&#8221;default&#8221; global_colors_info=&#8221;{}&#8221;][\/et_pb_image][et_pb_text _builder_version=&#8221;4.18.0&#8243; _module_preset=&#8221;default&#8221; text_text_color=&#8221;#FFFFFF&#8221; header_3_text_align=&#8221;center&#8221; header_3_font_size=&#8221;20px&#8221; header_3_line_height=&#8221;24px&#8221; global_colors_info=&#8221;{}&#8221;]<\/p>\n<h3 style=\"font-weight: 600;\">\t\t\t<!-- Flexy Breadcrumb -->\r\n\t\t\t<div class=\"fbc fbc-page\">\r\n\r\n\t\t\t\t<!-- Breadcrumb wrapper -->\r\n\t\t\t\t<div class=\"fbc-wrap\">\r\n\r\n\t\t\t\t\t<!-- Ordered list-->\r\n\t\t\t\t\t<ol class=\"fbc-items\" itemscope itemtype=\"https:\/\/schema.org\/BreadcrumbList\">\r\n\t\t\t\t\t\t            <li itemprop=\"itemListElement\" itemscope itemtype=\"https:\/\/schema.org\/ListItem\">\r\n                <span itemprop=\"name\">\r\n                    <!-- Home Link -->\r\n                    <a itemprop=\"item\" href=\"https:\/\/www.npwj.org\">\r\n                    \r\n                        Home                    <\/a>\r\n                <\/span>\r\n                <meta itemprop=\"position\" content=\"1\" \/><!-- Meta Position-->\r\n             <\/li><li><span class=\"fbc-separator\">-<\/span><\/li><li class=\"active\" itemprop=\"itemListElement\" itemscope itemtype=\"https:\/\/schema.org\/ListItem\"><span itemprop=\"name\" title=\"Giulia Schiavoni\">Giulia Schiavoni<\/span><meta itemprop=\"position\" content=\"2\" \/><\/li>\t\t\t\t\t<\/ol>\r\n\t\t\t\t\t<div class=\"clearfix\"><\/div>\r\n\t\t\t\t<\/div>\r\n\t\t\t<\/div>\r\n\t\t\t<\/h3>\n<p>[\/et_pb_text][\/et_pb_column][\/et_pb_row][\/et_pb_section][et_pb_section fb_built=&#8221;1&#8243; _builder_version=&#8221;4.18.0&#8243; _module_preset=&#8221;default&#8221; global_colors_info=&#8221;{}&#8221;][et_pb_row column_structure=&#8221;1_4,3_4&#8243; _builder_version=&#8221;4.19.2&#8243; _module_preset=&#8221;default&#8221; custom_margin=&#8221;||||false|false&#8221; custom_padding=&#8221;|40px|100px|40px|false|true&#8221; global_colors_info=&#8221;{}&#8221;][et_pb_column type=&#8221;1_4&#8243; _builder_version=&#8221;4.18.0&#8243; _module_preset=&#8221;default&#8221; global_colors_info=&#8221;{}&#8221;][et_pb_image src=&#8221;http:\/\/www.npwj.org\/wp-content\/uploads\/2023\/01\/8.png&#8221; title_text=&#8221;8&#8243; _builder_version=&#8221;4.19.2&#8243; _module_preset=&#8221;default&#8221; border_radii=&#8221;on|50px|50px|50px|50px&#8221; global_colors_info=&#8221;{}&#8221;][\/et_pb_image][et_pb_blurb use_icon=&#8221;on&#8221; font_icon=&#8221;&#xf0e0;||fa||900&#8243; icon_color=&#8221;#FFFFFF&#8221; image_icon_background_color=&#8221;#f18700&#8243; icon_placement=&#8221;left&#8221; image_icon_width=&#8221;20px&#8221; module_class=&#8221;iconsocialteam&#8221; _builder_version=&#8221;4.19.2&#8243; _module_preset=&#8221;default&#8221; header_font_size=&#8221;15px&#8221; body_font_size=&#8221;17px&#8221; image_icon_custom_padding=&#8221;10px|10px|10px|10px|true|true&#8221; border_radii_image=&#8221;on|50px|50px|50px|50px&#8221; global_colors_info=&#8221;{}&#8221;]<\/p>\n<p style=\"text-align: left;\">gschiavoni@npwj.org<\/p>\n<p>[\/et_pb_blurb][et_pb_blurb use_icon=&#8221;on&#8221; font_icon=&#8221;&#xe090;||divi||400&#8243; icon_color=&#8221;#FFFFFF&#8221; image_icon_background_color=&#8221;#f18700&#8243; icon_placement=&#8221;left&#8221; image_icon_width=&#8221;20px&#8221; module_class=&#8221;iconsocialteam&#8221; _builder_version=&#8221;4.19.2&#8243; _module_preset=&#8221;default&#8221; body_font_size=&#8221;17px&#8221; image_icon_custom_padding=&#8221;10px|10px|10px|10px|true|true&#8221; border_radii_image=&#8221;on|50px|50px|50px|50px&#8221; global_colors_info=&#8221;{}&#8221;]<\/p>\n<p style=\"text-align: left;\">+39 347 185772<\/p>\n<p>[\/et_pb_blurb][\/et_pb_column][et_pb_column type=&#8221;3_4&#8243; _builder_version=&#8221;4.18.0&#8243; _module_preset=&#8221;default&#8221; global_colors_info=&#8221;{}&#8221;][et_pb_text module_class=&#8221;teamnamet&#8221; _builder_version=&#8221;4.19.2&#8243; _module_preset=&#8221;default&#8221; text_text_color=&#8221;#f18700&#8243; text_font_size=&#8221;54px&#8221; text_line_height=&#8221;1.3em&#8221; header_line_height=&#8221;1.3em&#8221; custom_margin=&#8221;||11px|||&#8221; global_colors_info=&#8221;{}&#8221;]<\/p>\n<p style=\"text-align: left; font-weight: bold;\">Giulia Schiavoni<\/p>\n<p>[\/et_pb_text][et_pb_text _builder_version=&#8221;4.25.0&#8243; _module_preset=&#8221;default&#8221; text_text_color=&#8221;#0a4479&#8243; text_font_size=&#8221;32px&#8221; text_line_height=&#8221;1.3em&#8221; header_font_size=&#8221;32px&#8221; header_line_height=&#8221;1.3em&#8221; hover_enabled=&#8221;0&#8243; global_colors_info=&#8221;{}&#8221; sticky_enabled=&#8221;0&#8243;]<\/p>\n<p style=\"text-align: left;\"><span>Consulente per il programma Genere e diritti umani<\/span>, raccolta fondi e progettazione<\/p>\n<p>[\/et_pb_text][et_pb_text _builder_version=&#8221;4.19.2&#8243; _module_preset=&#8221;default&#8221; text_text_color=&#8221;#0a4479&#8243; text_line_height=&#8221;1.5em&#8221; global_colors_info=&#8221;{}&#8221;]<\/p>\n<p style=\"text-align: left;\">Giulia Schiavoni \u00e8 consulente per il programma Genere e diritti umani, nonch\u00e9 responsabile della raccolta fondi e della progettazione.<br \/>Ha iniziato la sua carriera nel 1998 presso la Commissione europea a Bruxelles. Nel 2001 \u00e8 diventata assistente dell&#8217;On. Gianfranco Dell&#8217;Alba, all&#8217;epoca deputato al Parlamento europeo e segretario generale di NPSG. Nel 2004 \u00e8 entrata a far parte dell&#8217;organizzazione come coordinatrice del programma STOP FGM! Campagna a sostegno dell&#8217;entrata in vigore e dell&#8217;attuazione del Protocollo sui diritti delle donne in Africa. \u00c8 stata responsabile della preparazione delle conferenze internazionali di Nairobi e Gibuti, che hanno portato alla ratifica del Protocollo da parte di entrambi i Paesi. Nel 2006 si \u00e8 trasferita nuovamente in Italia dove ha lavorato per oltre sette anni come consulente per la pubblica amministrazione italiana, tra cui la Presidenza del Consiglio dei Ministri e il Ministero dello Sviluppo Economico, venendo coinvolta in diversi progetti di cooperazione istituzionale con i Paesi in fase di preadesione. Ha partecipato come volontaria a molte iniziative promosse da NPSG fino a quando \u00e8 entrata nuovamente a far parte dell&#8217;organizzazione nel 2013. Giulia si \u00e8 laureata in Economia nel 1997 presso l&#8217;Universit\u00e0 del Salento e parla correntemente italiano, inglese e francese.<\/p>\n<p>[\/et_pb_text][\/et_pb_column][\/et_pb_row][\/et_pb_section]<\/p>\n","protected":false},"excerpt":{"rendered":"<p>Team\t\t\t<!-- Flexy Breadcrumb -->\r\n\t\t\t<div class=\"fbc fbc-page\">\r\n\r\n\t\t\t\t<!-- Breadcrumb wrapper -->\r\n\t\t\t\t<div class=\"fbc-wrap\">\r\n\r\n\t\t\t\t\t<!-- Ordered list-->\r\n\t\t\t\t\t<ol class=\"fbc-items\" itemscope itemtype=\"https:\/\/schema.org\/BreadcrumbList\">\r\n\t\t\t\t\t\t            <li itemprop=\"itemListElement\" itemscope itemtype=\"https:\/\/schema.org\/ListItem\">\r\n                <span itemprop=\"name\">\r\n                    <!-- Home Link -->\r\n                    <a itemprop=\"item\" href=\"https:\/\/www.npwj.org\">\r\n                    \r\n                        Home                    <\/a>\r\n                <\/span>\r\n                <meta itemprop=\"position\" content=\"1\" \/><!-- Meta Position-->\r\n             <\/li><li><span class=\"fbc-separator\">-<\/span><\/li><li class=\"active\" itemprop=\"itemListElement\" itemscope itemtype=\"https:\/\/schema.org\/ListItem\"><span itemprop=\"name\" title=\"Giulia Schiavoni\">Giulia Schiavoni<\/span><meta itemprop=\"position\" content=\"2\" \/><\/li>\t\t\t\t\t<\/ol>\r\n\t\t\t\t\t<div class=\"clearfix\"><\/div>\r\n\t\t\t\t<\/div>\r\n\t\t\t<\/div>\r\n\t\t\tgschiavoni@npwj.org+39 347 185772Giulia SchiavoniConsulente per il programma Genere e diritti umani, raccolta fondi e progettazioneGiulia Schiavoni \u00e8 consulente per il programma Genere e diritti umani, nonch\u00e9 responsabile della raccolta fondi [&hellip;]<\/p>\n","protected":false},"author":1,"featured_media":0,"parent":254722,"menu_order":0,"comment_status":"closed","ping_status":"closed","template":"","meta":{"_et_pb_use_builder":"on","_et_pb_old_content":"","_et_gb_content_width":"","footnotes":""},"yoast_head":"<!-- This site is optimized with the Yoast SEO plugin v22.6 - https:\/\/yoast.com\/wordpress\/plugins\/seo\/ -->\n<title>Giulia Schiavoni - NPWJ<\/title>\n<meta name=\"description\" content=\"Non c&#039;\u00e8 Pace Senza Giustizia (NPSG) \u00e8 un&#039;organizzazione internazionale senza scopo di lucro che lavora per la protezione e la promozione dei diritti umani, della democrazia, dello stato di diritto e della giustizia internazionale.\" \/>\n<meta name=\"robots\" content=\"index, follow, max-snippet:-1, max-image-preview:large, max-video-preview:-1\" \/>\n<link rel=\"canonical\" href=\"https:\/\/www.npwj.org\/who-we-are\/team\/giulia-schiavoni\/\" \/>\n<meta property=\"og:locale\" content=\"it_IT\" \/>\n<meta property=\"og:type\" content=\"article\" \/>\n<meta property=\"og:title\" content=\"Giulia Schiavoni - NPWJ\" \/>\n<meta property=\"og:description\" content=\"Non c&#039;\u00e8 Pace Senza Giustizia (NPSG) \u00e8 un&#039;organizzazione internazionale senza scopo di lucro che lavora per la protezione e la promozione dei diritti umani, della democrazia, dello stato di diritto e della giustizia internazionale.\" \/>\n<meta property=\"og:url\" content=\"https:\/\/www.npwj.org\/who-we-are\/team\/giulia-schiavoni\/\" \/>\n<meta property=\"og:site_name\" content=\"NPWJ\" \/>\n<meta property=\"article:publisher\" content=\"https:\/\/www.facebook.com\/npwj.org\/\" \/>\n<meta property=\"article:modified_time\" content=\"2024-08-30T11:25:15+00:00\" \/>\n<meta property=\"og:image\" content=\"https:\/\/www.npwj.org\/wp-content\/uploads\/2024\/04\/npwj-thumb.jpg\" \/>\n\t<meta property=\"og:image:width\" content=\"1200\" \/>\n\t<meta property=\"og:image:height\" content=\"630\" \/>\n\t<meta property=\"og:image:type\" content=\"image\/jpeg\" \/>\n<meta name=\"twitter:card\" content=\"summary_large_image\" \/>\n<meta name=\"twitter:site\" content=\"@npwjpress\" \/>\n<script type=\"application\/ld+json\" class=\"yoast-schema-graph\">{\"@context\":\"https:\/\/schema.org\",\"@graph\":[{\"@type\":\"WebPage\",\"@id\":\"https:\/\/www.npwj.org\/who-we-are\/team\/giulia-schiavoni\/\",\"url\":\"https:\/\/www.npwj.org\/who-we-are\/team\/giulia-schiavoni\/\",\"name\":\"Giulia Schiavoni - NPWJ\",\"isPartOf\":{\"@id\":\"https:\/\/www.npwj.org\/#website\"},\"datePublished\":\"2023-01-24T12:39:13+00:00\",\"dateModified\":\"2024-08-30T11:25:15+00:00\",\"description\":\"Non c'\u00e8 Pace Senza Giustizia (NPSG) \u00e8 un'organizzazione internazionale senza scopo di lucro che lavora per la protezione e la promozione dei diritti umani, della democrazia, dello stato di diritto e della giustizia internazionale.\",\"breadcrumb\":{\"@id\":\"https:\/\/www.npwj.org\/who-we-are\/team\/giulia-schiavoni\/#breadcrumb\"},\"inLanguage\":\"it-IT\",\"potentialAction\":[{\"@type\":\"ReadAction\",\"target\":[\"https:\/\/www.npwj.org\/who-we-are\/team\/giulia-schiavoni\/\"]}]},{\"@type\":\"BreadcrumbList\",\"@id\":\"https:\/\/www.npwj.org\/who-we-are\/team\/giulia-schiavoni\/#breadcrumb\",\"itemListElement\":[{\"@type\":\"ListItem\",\"position\":1,\"name\":\"Home\",\"item\":\"https:\/\/www.npwj.org\/\"},{\"@type\":\"ListItem\",\"position\":2,\"name\":\"Chi siamo\",\"item\":\"https:\/\/www.npwj.org\/it\/chi-siamo\/\"},{\"@type\":\"ListItem\",\"position\":3,\"name\":\"Team\",\"item\":\"https:\/\/www.npwj.org\/who-we-are\/team\/\"},{\"@type\":\"ListItem\",\"position\":4,\"name\":\"Giulia Schiavoni\"}]},{\"@type\":\"WebSite\",\"@id\":\"https:\/\/www.npwj.org\/#website\",\"url\":\"https:\/\/www.npwj.org\/\",\"name\":\"NPWJ\",\"description\":\"No Peace Without Justice\",\"publisher\":{\"@id\":\"https:\/\/www.npwj.org\/#organization\"},\"alternateName\":\"NPWJ\",\"potentialAction\":[{\"@type\":\"SearchAction\",\"target\":{\"@type\":\"EntryPoint\",\"urlTemplate\":\"https:\/\/www.npwj.org\/?s={search_term_string}\"},\"query-input\":\"required name=search_term_string\"}],\"inLanguage\":\"it-IT\"},{\"@type\":\"Organization\",\"@id\":\"https:\/\/www.npwj.org\/#organization\",\"name\":\"No Peace Without Justice\",\"alternateName\":\"NPWJ\",\"url\":\"https:\/\/www.npwj.org\/\",\"logo\":{\"@type\":\"ImageObject\",\"inLanguage\":\"it-IT\",\"@id\":\"https:\/\/www.npwj.org\/#\/schema\/logo\/image\/\",\"url\":\"https:\/\/www.npwj.org\/wp-content\/uploads\/2024\/05\/logo-npwj-npsg.png\",\"contentUrl\":\"https:\/\/www.npwj.org\/wp-content\/uploads\/2024\/05\/logo-npwj-npsg.png\",\"width\":1080,\"height\":1080,\"caption\":\"No Peace Without Justice\"},\"image\":{\"@id\":\"https:\/\/www.npwj.org\/#\/schema\/logo\/image\/\"},\"sameAs\":[\"https:\/\/www.facebook.com\/npwj.org\/\",\"https:\/\/x.com\/npwjpress\",\"https:\/\/www.instagram.com\/npwj_\/\"]}]}<\/script>\n<!-- \/ Yoast SEO plugin. -->","yoast_head_json":{"title":"Giulia Schiavoni - NPWJ","description":"Non c'\u00e8 Pace Senza Giustizia (NPSG) \u00e8 un'organizzazione internazionale senza scopo di lucro che lavora per la protezione e la promozione dei diritti umani, della democrazia, dello stato di diritto e della giustizia internazionale.","robots":{"index":"index","follow":"follow","max-snippet":"max-snippet:-1","max-image-preview":"max-image-preview:large","max-video-preview":"max-video-preview:-1"},"canonical":"https:\/\/www.npwj.org\/who-we-are\/team\/giulia-schiavoni\/","og_locale":"it_IT","og_type":"article","og_title":"Giulia Schiavoni - NPWJ","og_description":"Non c'\u00e8 Pace Senza Giustizia (NPSG) \u00e8 un'organizzazione internazionale senza scopo di lucro che lavora per la protezione e la promozione dei diritti umani, della democrazia, dello stato di diritto e della giustizia internazionale.","og_url":"https:\/\/www.npwj.org\/who-we-are\/team\/giulia-schiavoni\/","og_site_name":"NPWJ","article_publisher":"https:\/\/www.facebook.com\/npwj.org\/","article_modified_time":"2024-08-30T11:25:15+00:00","og_image":[{"width":1200,"height":630,"url":"https:\/\/www.npwj.org\/wp-content\/uploads\/2024\/04\/npwj-thumb.jpg","type":"image\/jpeg"}],"twitter_card":"summary_large_image","twitter_site":"@npwjpress","schema":{"@context":"https:\/\/schema.org","@graph":[{"@type":"WebPage","@id":"https:\/\/www.npwj.org\/who-we-are\/team\/giulia-schiavoni\/","url":"https:\/\/www.npwj.org\/who-we-are\/team\/giulia-schiavoni\/","name":"Giulia Schiavoni - NPWJ","isPartOf":{"@id":"https:\/\/www.npwj.org\/#website"},"datePublished":"2023-01-24T12:39:13+00:00","dateModified":"2024-08-30T11:25:15+00:00","description":"Non c'\u00e8 Pace Senza Giustizia (NPSG) \u00e8 un'organizzazione internazionale senza scopo di lucro che lavora per la protezione e la promozione dei diritti umani, della democrazia, dello stato di diritto e della giustizia internazionale.","breadcrumb":{"@id":"https:\/\/www.npwj.org\/who-we-are\/team\/giulia-schiavoni\/#breadcrumb"},"inLanguage":"it-IT","potentialAction":[{"@type":"ReadAction","target":["https:\/\/www.npwj.org\/who-we-are\/team\/giulia-schiavoni\/"]}]},{"@type":"BreadcrumbList","@id":"https:\/\/www.npwj.org\/who-we-are\/team\/giulia-schiavoni\/#breadcrumb","itemListElement":[{"@type":"ListItem","position":1,"name":"Home","item":"https:\/\/www.npwj.org\/"},{"@type":"ListItem","position":2,"name":"Chi siamo","item":"https:\/\/www.npwj.org\/it\/chi-siamo\/"},{"@type":"ListItem","position":3,"name":"Team","item":"https:\/\/www.npwj.org\/who-we-are\/team\/"},{"@type":"ListItem","position":4,"name":"Giulia Schiavoni"}]},{"@type":"WebSite","@id":"https:\/\/www.npwj.org\/#website","url":"https:\/\/www.npwj.org\/","name":"NPWJ","description":"No Peace Without Justice","publisher":{"@id":"https:\/\/www.npwj.org\/#organization"},"alternateName":"NPWJ","potentialAction":[{"@type":"SearchAction","target":{"@type":"EntryPoint","urlTemplate":"https:\/\/www.npwj.org\/?s={search_term_string}"},"query-input":"required name=search_term_string"}],"inLanguage":"it-IT"},{"@type":"Organization","@id":"https:\/\/www.npwj.org\/#organization","name":"No Peace Without Justice","alternateName":"NPWJ","url":"https:\/\/www.npwj.org\/","logo":{"@type":"ImageObject","inLanguage":"it-IT","@id":"https:\/\/www.npwj.org\/#\/schema\/logo\/image\/","url":"https:\/\/www.npwj.org\/wp-content\/uploads\/2024\/05\/logo-npwj-npsg.png","contentUrl":"https:\/\/www.npwj.org\/wp-content\/uploads\/2024\/05\/logo-npwj-npsg.png","width":1080,"height":1080,"caption":"No Peace Without Justice"},"image":{"@id":"https:\/\/www.npwj.org\/#\/schema\/logo\/image\/"},"sameAs":["https:\/\/www.facebook.com\/npwj.org\/","https:\/\/x.com\/npwjpress","https:\/\/www.instagram.com\/npwj_\/"]}]}},"_links":{"self":[{"href":"https:\/\/www.npwj.org\/it\/wp-json\/wp\/v2\/pages\/254758"}],"collection":[{"href":"https:\/\/www.npwj.org\/it\/wp-json\/wp\/v2\/pages"}],"about":[{"href":"https:\/\/www.npwj.org\/it\/wp-json\/wp\/v2\/types\/page"}],"author":[{"embeddable":true,"href":"https:\/\/www.npwj.org\/it\/wp-json\/wp\/v2\/users\/1"}],"replies":[{"embeddable":true,"href":"https:\/\/www.npwj.org\/it\/wp-json\/wp\/v2\/comments?post=254758"}],"version-history":[{"count":5,"href":"https:\/\/www.npwj.org\/it\/wp-json\/wp\/v2\/pages\/254758\/revisions"}],"predecessor-version":[{"id":258846,"href":"https:\/\/www.npwj.org\/it\/wp-json\/wp\/v2\/pages\/254758\/revisions\/258846"}],"up":[{"embeddable":true,"href":"https:\/\/www.npwj.org\/it\/wp-json\/wp\/v2\/pages\/254722"}],"wp:attachment":[{"href":"https:\/\/www.npwj.org\/it\/wp-json\/wp\/v2\/media?parent=254758"}],"curies":[{"name":"wp","href":"https:\/\/api.w.org\/{rel}","templated":true}]}}