{"id":258716,"date":"2024-07-08T12:10:14","date_gmt":"2024-07-08T10:10:14","guid":{"rendered":"https:\/\/www.npwj.org\/chi-siamo\/team\/suzanne-dufour\/"},"modified":"2024-07-08T12:45:43","modified_gmt":"2024-07-08T10:45:43","slug":"suzanne-dufour","status":"publish","type":"page","link":"https:\/\/www.npwj.org\/it\/chi-siamo\/team\/suzanne-dufour\/","title":{"rendered":"Suzanne Dufour"},"content":{"rendered":"<p>[et_pb_section fb_built=&#8221;1&#8243; _builder_version=&#8221;4.19.2&#8243; _module_preset=&#8221;default&#8221; use_background_color_gradient=&#8221;on&#8221; background_color_gradient_direction=&#8221;90deg&#8221; background_color_gradient_stops=&#8221;#7b7b7b 0%|rgba(27,25,25,0) 100%&#8221; background_color_gradient_overlays_image=&#8221;on&#8221; background_image=&#8221;http:\/\/www.npwj.org\/wp-content\/uploads\/2022\/12\/team-background.jpg&#8221; module_alignment=&#8221;center&#8221; height=&#8221;350px&#8221; max_height=&#8221;350px&#8221; global_colors_info=&#8221;{}&#8221;][et_pb_row _builder_version=&#8221;4.18.0&#8243; _module_preset=&#8221;default&#8221; global_colors_info=&#8221;{}&#8221;][et_pb_column type=&#8221;4_4&#8243; _builder_version=&#8221;4.18.0&#8243; _module_preset=&#8221;default&#8221; global_colors_info=&#8221;{}&#8221;][et_pb_text module_class=&#8221;titleprycam&#8221; _builder_version=&#8221;4.25.0&#8243; _module_preset=&#8221;default&#8221; header_font=&#8221;||||||||&#8221; header_text_color=&#8221;#FFFFFF&#8221; header_font_size=&#8221;60px&#8221; header_line_height=&#8221;1.3em&#8221; custom_margin=&#8221;||0px||false|false&#8221; custom_padding=&#8221;||0px||false|false&#8221; global_colors_info=&#8221;{}&#8221;]<\/p>\n<h1 style=\"text-align: center; font-weight: 800;\">Team<\/h1>\n<p>[\/et_pb_text][et_pb_image src=&#8221;https:\/\/www.npwj.org\/wp-content\/uploads\/2022\/10\/underline.png&#8221; title_text=&#8221;underline&#8221; show_bottom_space=&#8221;off&#8221; align=&#8221;center&#8221; _builder_version=&#8221;4.18.0&#8243; _module_preset=&#8221;default&#8221; global_colors_info=&#8221;{}&#8221;][\/et_pb_image][et_pb_text _builder_version=&#8221;4.18.0&#8243; _module_preset=&#8221;default&#8221; text_text_color=&#8221;#FFFFFF&#8221; header_3_text_align=&#8221;center&#8221; header_3_font_size=&#8221;20px&#8221; header_3_line_height=&#8221;24px&#8221; global_colors_info=&#8221;{}&#8221;]<\/p>\n<h3 style=\"font-weight: 600;\">\t\t\t<!-- Flexy Breadcrumb -->\r\n\t\t\t<div class=\"fbc fbc-page\">\r\n\r\n\t\t\t\t<!-- Breadcrumb wrapper -->\r\n\t\t\t\t<div class=\"fbc-wrap\">\r\n\r\n\t\t\t\t\t<!-- Ordered list-->\r\n\t\t\t\t\t<ol class=\"fbc-items\" itemscope itemtype=\"https:\/\/schema.org\/BreadcrumbList\">\r\n\t\t\t\t\t\t            <li itemprop=\"itemListElement\" itemscope itemtype=\"https:\/\/schema.org\/ListItem\">\r\n                <span itemprop=\"name\">\r\n                    <!-- Home Link -->\r\n                    <a itemprop=\"item\" href=\"https:\/\/www.npwj.org\">\r\n                    \r\n                        Home                    <\/a>\r\n                <\/span>\r\n                <meta itemprop=\"position\" content=\"1\" \/><!-- Meta Position-->\r\n             <\/li><li><span class=\"fbc-separator\">-<\/span><\/li><li class=\"active\" itemprop=\"itemListElement\" itemscope itemtype=\"https:\/\/schema.org\/ListItem\"><span itemprop=\"name\" title=\"Suzanne Dufour\">Suzanne Dufour<\/span><meta itemprop=\"position\" content=\"2\" \/><\/li>\t\t\t\t\t<\/ol>\r\n\t\t\t\t\t<div class=\"clearfix\"><\/div>\r\n\t\t\t\t<\/div>\r\n\t\t\t<\/div>\r\n\t\t\t<\/h3>\n<p>[\/et_pb_text][\/et_pb_column][\/et_pb_row][\/et_pb_section][et_pb_section fb_built=&#8221;1&#8243; _builder_version=&#8221;4.18.0&#8243; _module_preset=&#8221;default&#8221; global_colors_info=&#8221;{}&#8221;][et_pb_row column_structure=&#8221;1_4,3_4&#8243; _builder_version=&#8221;4.19.2&#8243; _module_preset=&#8221;default&#8221; custom_margin=&#8221;||||false|false&#8221; custom_padding=&#8221;|40px|100px|40px|false|true&#8221; global_colors_info=&#8221;{}&#8221;][et_pb_column type=&#8221;1_4&#8243; _builder_version=&#8221;4.18.0&#8243; _module_preset=&#8221;default&#8221; global_colors_info=&#8221;{}&#8221;][et_pb_image src=&#8221;https:\/\/www.npwj.org\/wp-content\/uploads\/2024\/07\/SDufour.jpg&#8221; alt=&#8221;Suzanne Dufour&#8221; title_text=&#8221;SDufour&#8221; _builder_version=&#8221;4.25.0&#8243; _module_preset=&#8221;default&#8221; border_radii=&#8221;on|50px|50px|50px|50px&#8221; global_colors_info=&#8221;{}&#8221;][\/et_pb_image][et_pb_blurb use_icon=&#8221;on&#8221; font_icon=&#8221;&#xf0e0;||fa||900&#8243; icon_color=&#8221;#FFFFFF&#8221; image_icon_background_color=&#8221;#f18700&#8243; icon_placement=&#8221;left&#8221; image_icon_width=&#8221;20px&#8221; module_class=&#8221;iconsocialteam&#8221; _builder_version=&#8221;4.25.0&#8243; _module_preset=&#8221;default&#8221; image_icon_custom_padding=&#8221;10px|10px|10px|10px|true|true&#8221; border_radii_image=&#8221;on|50px|50px|50px|50px&#8221; global_colors_info=&#8221;{}&#8221;]<\/p>\n<p style=\"text-align: left;\">sdufour@npwj.org<\/p>\n<p>[\/et_pb_blurb][et_pb_blurb use_icon=&#8221;on&#8221; font_icon=&#8221;&#xe090;||divi||400&#8243; icon_color=&#8221;#FFFFFF&#8221; image_icon_background_color=&#8221;#f18700&#8243; icon_placement=&#8221;left&#8221; image_icon_width=&#8221;20px&#8221; disabled_on=&#8221;on|on|on&#8221; module_class=&#8221;iconsocialteam&#8221; _builder_version=&#8221;4.19.2&#8243; _module_preset=&#8221;default&#8221; image_icon_custom_padding=&#8221;10px|10px|10px|10px|true|true&#8221; border_radii_image=&#8221;on|50px|50px|50px|50px&#8221; disabled=&#8221;on&#8221; global_colors_info=&#8221;{}&#8221;]<\/p>\n<p style=\"text-align: left;\">+32 2 781 08 23<\/p>\n<p>[\/et_pb_blurb][\/et_pb_column][et_pb_column type=&#8221;3_4&#8243; _builder_version=&#8221;4.18.0&#8243; _module_preset=&#8221;default&#8221; global_colors_info=&#8221;{}&#8221;][et_pb_text module_class=&#8221;teamnamet&#8221; _builder_version=&#8221;4.25.0&#8243; _module_preset=&#8221;default&#8221; text_text_color=&#8221;#f18700&#8243; text_font_size=&#8221;54px&#8221; text_line_height=&#8221;1.3em&#8221; custom_margin=&#8221;||11px|||&#8221; global_colors_info=&#8221;{}&#8221;]<\/p>\n<p style=\"text-align: left; font-weight: bold;\">Suzanne Dufour<\/p>\n<p>[\/et_pb_text][et_pb_text _builder_version=&#8221;4.19.2&#8243; _module_preset=&#8221;default&#8221; text_text_color=&#8221;#0a4479&#8243; text_font_size=&#8221;32px&#8221; text_line_height=&#8221;1.3em&#8221; global_colors_info=&#8221;{}&#8221;]<\/p>\n<p style=\"text-align: left;\">Intern<\/p>\n<p>[\/et_pb_text][et_pb_text _builder_version=&#8221;4.25.0&#8243; _module_preset=&#8221;default&#8221; text_text_color=&#8221;#0a4479&#8243; text_line_height=&#8221;1.5em&#8221; hover_enabled=&#8221;0&#8243; global_colors_info=&#8221;{}&#8221; sticky_enabled=&#8221;0&#8243;]<\/p>\n<p>Suzanne \u00e8 una studentessa di giurisprudenza francese. Ha conseguito una laurea in diritto pubblico presso l&#8217;Universit\u00e0 Cattolica di Parigi e un master in diritti umani presso l&#8217;Universit\u00e0 Cattolica di Lille. Al di l\u00e0 del suo background accademico, il suo coinvolgimento nelle associazioni ha profondamente influenzato il suo desiderio di difendere i diritti umani. In qualit\u00e0 di vicepresidente dell&#8217;associazione studentesca e femminista HeforShe, durante i suoi studi universitari ha organizzato dibattiti, conferenze, sondaggi e campagne di sensibilizzazione sull&#8217;uguaglianza di genere. Questa esperienza le ha permesso di contribuire all&#8217;evoluzione dei comportamenti all&#8217;interno della nostra comunit\u00e0 studentesca. Assumersi la responsabilit\u00e0 della leadership durante sfide significative ha rafforzato la sua capacit\u00e0 di lavorare con gli altri e di prendere il timone di una squadra. Negli ultimi due anni ha partecipato attivamente a dibattiti e concorsi oratori, sviluppando cos\u00ec le sue capacit\u00e0 pi\u00f9 deliberative e contemporaneamente approfondendo la sua comprensione delle questioni contemporanee. In particolare ha patrocinato la Corte europea dei diritti dell&#8217;uomo durante la 38a edizione della corte controversa francese Cassin. Infine, sta attualmente scrivendo la sua tesi di laurea sulla riparazione delle vittime di violenza sessuale dopo un conflitto armato. Esplorando le rivendicazioni femministe, si \u00e8 resa conto dell&#8217;importanza di sviluppare nuovi approcci alla giustizia per affrontare le sfide poste dalla violenza sessuale.<\/p>\n<p>[\/et_pb_text][\/et_pb_column][\/et_pb_row][\/et_pb_section]<\/p>\n","protected":false},"excerpt":{"rendered":"<p>Team\t\t\t<!-- Flexy Breadcrumb -->\r\n\t\t\t<div class=\"fbc fbc-page\">\r\n\r\n\t\t\t\t<!-- Breadcrumb wrapper -->\r\n\t\t\t\t<div class=\"fbc-wrap\">\r\n\r\n\t\t\t\t\t<!-- Ordered list-->\r\n\t\t\t\t\t<ol class=\"fbc-items\" itemscope itemtype=\"https:\/\/schema.org\/BreadcrumbList\">\r\n\t\t\t\t\t\t            <li itemprop=\"itemListElement\" itemscope itemtype=\"https:\/\/schema.org\/ListItem\">\r\n                <span itemprop=\"name\">\r\n                    <!-- Home Link -->\r\n                    <a itemprop=\"item\" href=\"https:\/\/www.npwj.org\">\r\n                    \r\n                        Home                    <\/a>\r\n                <\/span>\r\n                <meta itemprop=\"position\" content=\"1\" \/><!-- Meta Position-->\r\n             <\/li><li><span class=\"fbc-separator\">-<\/span><\/li><li class=\"active\" itemprop=\"itemListElement\" itemscope itemtype=\"https:\/\/schema.org\/ListItem\"><span itemprop=\"name\" title=\"Suzanne Dufour\">Suzanne Dufour<\/span><meta itemprop=\"position\" content=\"2\" \/><\/li>\t\t\t\t\t<\/ol>\r\n\t\t\t\t\t<div class=\"clearfix\"><\/div>\r\n\t\t\t\t<\/div>\r\n\t\t\t<\/div>\r\n\t\t\tsdufour@npwj.org+32 2 781 08 23Suzanne DufourInternSuzanne \u00e8 una studentessa di giurisprudenza francese. Ha conseguito una laurea in diritto pubblico presso l&#8217;Universit\u00e0 Cattolica di Parigi e un master in diritti umani [&hellip;]<\/p>\n","protected":false},"author":9,"featured_media":258708,"parent":254722,"menu_order":0,"comment_status":"closed","ping_status":"closed","template":"","meta":{"_et_pb_use_builder":"on","_et_pb_old_content":"","_et_gb_content_width":"","footnotes":""},"yoast_head":"<!-- This site is optimized with the Yoast SEO plugin v22.6 - https:\/\/yoast.com\/wordpress\/plugins\/seo\/ -->\n<title>Suzanne Dufour - NPWJ<\/title>\n<meta name=\"description\" content=\"Non c&#039;\u00e8 Pace Senza Giustizia (NPSG) \u00e8 un&#039;organizzazione internazionale senza scopo di lucro che lavora per la protezione e la promozione dei diritti umani, della democrazia, dello stato di diritto e della giustizia internazionale.\" \/>\n<meta name=\"robots\" content=\"index, follow, max-snippet:-1, max-image-preview:large, max-video-preview:-1\" \/>\n<link rel=\"canonical\" href=\"https:\/\/www.npwj.org\/who-we-are\/team\/suzanne-dufour\/\" \/>\n<meta property=\"og:locale\" content=\"it_IT\" \/>\n<meta property=\"og:type\" content=\"article\" \/>\n<meta property=\"og:title\" content=\"Suzanne Dufour - NPWJ\" \/>\n<meta property=\"og:description\" content=\"Non c&#039;\u00e8 Pace Senza Giustizia (NPSG) \u00e8 un&#039;organizzazione internazionale senza scopo di lucro che lavora per la protezione e la promozione dei diritti umani, della democrazia, dello stato di diritto e della giustizia internazionale.\" \/>\n<meta property=\"og:url\" content=\"https:\/\/www.npwj.org\/who-we-are\/team\/suzanne-dufour\/\" \/>\n<meta property=\"og:site_name\" content=\"NPWJ\" \/>\n<meta property=\"article:publisher\" content=\"https:\/\/www.facebook.com\/npwj.org\/\" \/>\n<meta property=\"article:modified_time\" content=\"2024-07-08T10:45:43+00:00\" \/>\n<meta property=\"og:image\" content=\"https:\/\/www.npwj.org\/wp-content\/uploads\/2024\/07\/SDufour.jpg\" \/>\n\t<meta property=\"og:image:width\" content=\"600\" \/>\n\t<meta property=\"og:image:height\" content=\"600\" \/>\n\t<meta property=\"og:image:type\" content=\"image\/jpeg\" \/>\n<meta name=\"twitter:card\" content=\"summary_large_image\" \/>\n<meta name=\"twitter:site\" content=\"@npwjpress\" \/>\n<script type=\"application\/ld+json\" class=\"yoast-schema-graph\">{\"@context\":\"https:\/\/schema.org\",\"@graph\":[{\"@type\":\"WebPage\",\"@id\":\"https:\/\/www.npwj.org\/who-we-are\/team\/suzanne-dufour\/\",\"url\":\"https:\/\/www.npwj.org\/who-we-are\/team\/suzanne-dufour\/\",\"name\":\"Suzanne Dufour - NPWJ\",\"isPartOf\":{\"@id\":\"https:\/\/www.npwj.org\/#website\"},\"primaryImageOfPage\":{\"@id\":\"https:\/\/www.npwj.org\/who-we-are\/team\/suzanne-dufour\/#primaryimage\"},\"image\":{\"@id\":\"https:\/\/www.npwj.org\/who-we-are\/team\/suzanne-dufour\/#primaryimage\"},\"thumbnailUrl\":\"https:\/\/www.npwj.org\/wp-content\/uploads\/2024\/07\/SDufour.jpg\",\"datePublished\":\"2024-07-08T10:10:14+00:00\",\"dateModified\":\"2024-07-08T10:45:43+00:00\",\"description\":\"Non c'\u00e8 Pace Senza Giustizia (NPSG) \u00e8 un'organizzazione internazionale senza scopo di lucro che lavora per la protezione e la promozione dei diritti umani, della democrazia, dello stato di diritto e della giustizia internazionale.\",\"breadcrumb\":{\"@id\":\"https:\/\/www.npwj.org\/who-we-are\/team\/suzanne-dufour\/#breadcrumb\"},\"inLanguage\":\"it-IT\",\"potentialAction\":[{\"@type\":\"ReadAction\",\"target\":[\"https:\/\/www.npwj.org\/who-we-are\/team\/suzanne-dufour\/\"]}]},{\"@type\":\"ImageObject\",\"inLanguage\":\"it-IT\",\"@id\":\"https:\/\/www.npwj.org\/who-we-are\/team\/suzanne-dufour\/#primaryimage\",\"url\":\"https:\/\/www.npwj.org\/wp-content\/uploads\/2024\/07\/SDufour.jpg\",\"contentUrl\":\"https:\/\/www.npwj.org\/wp-content\/uploads\/2024\/07\/SDufour.jpg\",\"width\":600,\"height\":600},{\"@type\":\"BreadcrumbList\",\"@id\":\"https:\/\/www.npwj.org\/who-we-are\/team\/suzanne-dufour\/#breadcrumb\",\"itemListElement\":[{\"@type\":\"ListItem\",\"position\":1,\"name\":\"Home\",\"item\":\"https:\/\/www.npwj.org\/\"},{\"@type\":\"ListItem\",\"position\":2,\"name\":\"Chi siamo\",\"item\":\"https:\/\/www.npwj.org\/it\/chi-siamo\/\"},{\"@type\":\"ListItem\",\"position\":3,\"name\":\"Team\",\"item\":\"https:\/\/www.npwj.org\/who-we-are\/team\/\"},{\"@type\":\"ListItem\",\"position\":4,\"name\":\"Suzanne Dufour\"}]},{\"@type\":\"WebSite\",\"@id\":\"https:\/\/www.npwj.org\/#website\",\"url\":\"https:\/\/www.npwj.org\/\",\"name\":\"NPWJ\",\"description\":\"No Peace Without Justice\",\"publisher\":{\"@id\":\"https:\/\/www.npwj.org\/#organization\"},\"alternateName\":\"NPWJ\",\"potentialAction\":[{\"@type\":\"SearchAction\",\"target\":{\"@type\":\"EntryPoint\",\"urlTemplate\":\"https:\/\/www.npwj.org\/?s={search_term_string}\"},\"query-input\":\"required name=search_term_string\"}],\"inLanguage\":\"it-IT\"},{\"@type\":\"Organization\",\"@id\":\"https:\/\/www.npwj.org\/#organization\",\"name\":\"No Peace Without Justice\",\"alternateName\":\"NPWJ\",\"url\":\"https:\/\/www.npwj.org\/\",\"logo\":{\"@type\":\"ImageObject\",\"inLanguage\":\"it-IT\",\"@id\":\"https:\/\/www.npwj.org\/#\/schema\/logo\/image\/\",\"url\":\"https:\/\/www.npwj.org\/wp-content\/uploads\/2024\/05\/logo-npwj-npsg.png\",\"contentUrl\":\"https:\/\/www.npwj.org\/wp-content\/uploads\/2024\/05\/logo-npwj-npsg.png\",\"width\":1080,\"height\":1080,\"caption\":\"No Peace Without Justice\"},\"image\":{\"@id\":\"https:\/\/www.npwj.org\/#\/schema\/logo\/image\/\"},\"sameAs\":[\"https:\/\/www.facebook.com\/npwj.org\/\",\"https:\/\/x.com\/npwjpress\",\"https:\/\/www.instagram.com\/npwj_\/\"]}]}<\/script>\n<!-- \/ Yoast SEO plugin. -->","yoast_head_json":{"title":"Suzanne Dufour - NPWJ","description":"Non c'\u00e8 Pace Senza Giustizia (NPSG) \u00e8 un'organizzazione internazionale senza scopo di lucro che lavora per la protezione e la promozione dei diritti umani, della democrazia, dello stato di diritto e della giustizia internazionale.","robots":{"index":"index","follow":"follow","max-snippet":"max-snippet:-1","max-image-preview":"max-image-preview:large","max-video-preview":"max-video-preview:-1"},"canonical":"https:\/\/www.npwj.org\/who-we-are\/team\/suzanne-dufour\/","og_locale":"it_IT","og_type":"article","og_title":"Suzanne Dufour - NPWJ","og_description":"Non c'\u00e8 Pace Senza Giustizia (NPSG) \u00e8 un'organizzazione internazionale senza scopo di lucro che lavora per la protezione e la promozione dei diritti umani, della democrazia, dello stato di diritto e della giustizia internazionale.","og_url":"https:\/\/www.npwj.org\/who-we-are\/team\/suzanne-dufour\/","og_site_name":"NPWJ","article_publisher":"https:\/\/www.facebook.com\/npwj.org\/","article_modified_time":"2024-07-08T10:45:43+00:00","og_image":[{"width":600,"height":600,"url":"https:\/\/www.npwj.org\/wp-content\/uploads\/2024\/07\/SDufour.jpg","type":"image\/jpeg"}],"twitter_card":"summary_large_image","twitter_site":"@npwjpress","schema":{"@context":"https:\/\/schema.org","@graph":[{"@type":"WebPage","@id":"https:\/\/www.npwj.org\/who-we-are\/team\/suzanne-dufour\/","url":"https:\/\/www.npwj.org\/who-we-are\/team\/suzanne-dufour\/","name":"Suzanne Dufour - NPWJ","isPartOf":{"@id":"https:\/\/www.npwj.org\/#website"},"primaryImageOfPage":{"@id":"https:\/\/www.npwj.org\/who-we-are\/team\/suzanne-dufour\/#primaryimage"},"image":{"@id":"https:\/\/www.npwj.org\/who-we-are\/team\/suzanne-dufour\/#primaryimage"},"thumbnailUrl":"https:\/\/www.npwj.org\/wp-content\/uploads\/2024\/07\/SDufour.jpg","datePublished":"2024-07-08T10:10:14+00:00","dateModified":"2024-07-08T10:45:43+00:00","description":"Non c'\u00e8 Pace Senza Giustizia (NPSG) \u00e8 un'organizzazione internazionale senza scopo di lucro che lavora per la protezione e la promozione dei diritti umani, della democrazia, dello stato di diritto e della giustizia internazionale.","breadcrumb":{"@id":"https:\/\/www.npwj.org\/who-we-are\/team\/suzanne-dufour\/#breadcrumb"},"inLanguage":"it-IT","potentialAction":[{"@type":"ReadAction","target":["https:\/\/www.npwj.org\/who-we-are\/team\/suzanne-dufour\/"]}]},{"@type":"ImageObject","inLanguage":"it-IT","@id":"https:\/\/www.npwj.org\/who-we-are\/team\/suzanne-dufour\/#primaryimage","url":"https:\/\/www.npwj.org\/wp-content\/uploads\/2024\/07\/SDufour.jpg","contentUrl":"https:\/\/www.npwj.org\/wp-content\/uploads\/2024\/07\/SDufour.jpg","width":600,"height":600},{"@type":"BreadcrumbList","@id":"https:\/\/www.npwj.org\/who-we-are\/team\/suzanne-dufour\/#breadcrumb","itemListElement":[{"@type":"ListItem","position":1,"name":"Home","item":"https:\/\/www.npwj.org\/"},{"@type":"ListItem","position":2,"name":"Chi siamo","item":"https:\/\/www.npwj.org\/it\/chi-siamo\/"},{"@type":"ListItem","position":3,"name":"Team","item":"https:\/\/www.npwj.org\/who-we-are\/team\/"},{"@type":"ListItem","position":4,"name":"Suzanne Dufour"}]},{"@type":"WebSite","@id":"https:\/\/www.npwj.org\/#website","url":"https:\/\/www.npwj.org\/","name":"NPWJ","description":"No Peace Without Justice","publisher":{"@id":"https:\/\/www.npwj.org\/#organization"},"alternateName":"NPWJ","potentialAction":[{"@type":"SearchAction","target":{"@type":"EntryPoint","urlTemplate":"https:\/\/www.npwj.org\/?s={search_term_string}"},"query-input":"required name=search_term_string"}],"inLanguage":"it-IT"},{"@type":"Organization","@id":"https:\/\/www.npwj.org\/#organization","name":"No Peace Without Justice","alternateName":"NPWJ","url":"https:\/\/www.npwj.org\/","logo":{"@type":"ImageObject","inLanguage":"it-IT","@id":"https:\/\/www.npwj.org\/#\/schema\/logo\/image\/","url":"https:\/\/www.npwj.org\/wp-content\/uploads\/2024\/05\/logo-npwj-npsg.png","contentUrl":"https:\/\/www.npwj.org\/wp-content\/uploads\/2024\/05\/logo-npwj-npsg.png","width":1080,"height":1080,"caption":"No Peace Without Justice"},"image":{"@id":"https:\/\/www.npwj.org\/#\/schema\/logo\/image\/"},"sameAs":["https:\/\/www.facebook.com\/npwj.org\/","https:\/\/x.com\/npwjpress","https:\/\/www.instagram.com\/npwj_\/"]}]}},"_links":{"self":[{"href":"https:\/\/www.npwj.org\/it\/wp-json\/wp\/v2\/pages\/258716"}],"collection":[{"href":"https:\/\/www.npwj.org\/it\/wp-json\/wp\/v2\/pages"}],"about":[{"href":"https:\/\/www.npwj.org\/it\/wp-json\/wp\/v2\/types\/page"}],"author":[{"embeddable":true,"href":"https:\/\/www.npwj.org\/it\/wp-json\/wp\/v2\/users\/9"}],"replies":[{"embeddable":true,"href":"https:\/\/www.npwj.org\/it\/wp-json\/wp\/v2\/comments?post=258716"}],"version-history":[{"count":4,"href":"https:\/\/www.npwj.org\/it\/wp-json\/wp\/v2\/pages\/258716\/revisions"}],"predecessor-version":[{"id":258725,"href":"https:\/\/www.npwj.org\/it\/wp-json\/wp\/v2\/pages\/258716\/revisions\/258725"}],"up":[{"embeddable":true,"href":"https:\/\/www.npwj.org\/it\/wp-json\/wp\/v2\/pages\/254722"}],"wp:featuredmedia":[{"embeddable":true,"href":"https:\/\/www.npwj.org\/it\/wp-json\/wp\/v2\/media\/258708"}],"wp:attachment":[{"href":"https:\/\/www.npwj.org\/it\/wp-json\/wp\/v2\/media?parent=258716"}],"curies":[{"name":"wp","href":"https:\/\/api.w.org\/{rel}","templated":true}]}}