{"id":259755,"date":"2026-02-12T17:17:14","date_gmt":"2026-02-12T16:17:14","guid":{"rendered":"https:\/\/www.npwj.org\/privacy\/"},"modified":"2026-02-12T17:51:43","modified_gmt":"2026-02-12T16:51:43","slug":"privacy","status":"publish","type":"page","link":"https:\/\/www.npwj.org\/it\/privacy\/","title":{"rendered":"Privacy"},"content":{"rendered":"<p>[et_pb_section fb_built=&#8221;1&#8243; _builder_version=&#8221;4.25.0&#8243; _module_preset=&#8221;default&#8221; background_color=&#8221;#0a4479&#8243; use_background_color_gradient=&#8221;on&#8221; background_color_gradient_direction=&#8221;90deg&#8221; background_color_gradient_stops=&#8221;#7b7b7b 0%|rgba(27,25,25,0) 100%&#8221; background_color_gradient_overlays_image=&#8221;on&#8221; background_enable_image=&#8221;off&#8221; module_alignment=&#8221;center&#8221; height=&#8221;180px&#8221; max_height=&#8221;181px&#8221; global_colors_info=&#8221;{}&#8221;][et_pb_row _builder_version=&#8221;4.19.2&#8243; _module_preset=&#8221;default&#8221; custom_margin=&#8221;0px||||false|false&#8221; custom_padding=&#8221;0px||||false|false&#8221; global_colors_info=&#8221;{}&#8221;][et_pb_column type=&#8221;4_4&#8243; _builder_version=&#8221;4.18.0&#8243; _module_preset=&#8221;default&#8221; global_colors_info=&#8221;{}&#8221;][et_pb_text module_class=&#8221;titleprycam&#8221; _builder_version=&#8221;4.25.0&#8243; _module_preset=&#8221;default&#8221; header_font=&#8221;||||||||&#8221; header_text_color=&#8221;#FFFFFF&#8221; header_font_size=&#8221;60px&#8221; header_line_height=&#8221;1.3em&#8221; custom_margin=&#8221;||0px||false|false&#8221; custom_padding=&#8221;||0px||false|false&#8221; global_colors_info=&#8221;{}&#8221;]<\/p>\n<h1 style=\"text-align: center; font-weight: 800;\">Privacy Policy<\/h1>\n<p>[\/et_pb_text][et_pb_image src=&#8221;https:\/\/www.npwj.org\/wp-content\/uploads\/2022\/10\/underline.png&#8221; title_text=&#8221;underline&#8221; show_bottom_space=&#8221;off&#8221; align=&#8221;center&#8221; _builder_version=&#8221;4.18.0&#8243; _module_preset=&#8221;default&#8221; global_colors_info=&#8221;{}&#8221;][\/et_pb_image][et_pb_text _builder_version=&#8221;4.18.0&#8243; _module_preset=&#8221;default&#8221; text_text_color=&#8221;#FFFFFF&#8221; header_3_text_align=&#8221;center&#8221; header_3_font_size=&#8221;20px&#8221; header_3_line_height=&#8221;24px&#8221; global_colors_info=&#8221;{}&#8221;]<\/p>\n<h3 style=\"font-weight: 600;\">\t\t\t<!-- Flexy Breadcrumb -->\r\n\t\t\t<div class=\"fbc fbc-page\">\r\n\r\n\t\t\t\t<!-- Breadcrumb wrapper -->\r\n\t\t\t\t<div class=\"fbc-wrap\">\r\n\r\n\t\t\t\t\t<!-- Ordered list-->\r\n\t\t\t\t\t<ol class=\"fbc-items\" itemscope itemtype=\"https:\/\/schema.org\/BreadcrumbList\">\r\n\t\t\t\t\t\t            <li itemprop=\"itemListElement\" itemscope itemtype=\"https:\/\/schema.org\/ListItem\">\r\n                <span itemprop=\"name\">\r\n                    <!-- Home Link -->\r\n                    <a itemprop=\"item\" href=\"https:\/\/www.npwj.org\">\r\n                    \r\n                        Home                    <\/a>\r\n                <\/span>\r\n                <meta itemprop=\"position\" content=\"1\" \/><!-- Meta Position-->\r\n             <\/li><li><span class=\"fbc-separator\">-<\/span><\/li><li class=\"active\" itemprop=\"itemListElement\" itemscope itemtype=\"https:\/\/schema.org\/ListItem\"><span itemprop=\"name\" title=\"Privacy\">Privacy<\/span><meta itemprop=\"position\" content=\"2\" \/><\/li>\t\t\t\t\t<\/ol>\r\n\t\t\t\t\t<div class=\"clearfix\"><\/div>\r\n\t\t\t\t<\/div>\r\n\t\t\t<\/div>\r\n\t\t\t<\/h3>\n<p>[\/et_pb_text][\/et_pb_column][\/et_pb_row][\/et_pb_section][et_pb_section fb_built=&#8221;1&#8243; _builder_version=&#8221;4.19.2&#8243; _module_preset=&#8221;default&#8221; global_colors_info=&#8221;{}&#8221;][et_pb_row _builder_version=&#8221;4.18.0&#8243; _module_preset=&#8221;default&#8221; custom_padding=&#8221;||18px|||&#8221; global_colors_info=&#8221;{}&#8221;][et_pb_column type=&#8221;4_4&#8243; _builder_version=&#8221;4.18.0&#8243; _module_preset=&#8221;default&#8221; global_colors_info=&#8221;{}&#8221;][et_pb_text _builder_version=&#8221;4.25.0&#8243; _module_preset=&#8221;default&#8221; text_text_color=&#8221;#1c0707&#8243; text_font_size=&#8221;17px&#8221; text_line_height=&#8221;1.5em&#8221; hover_enabled=&#8221;0&#8243; global_colors_info=&#8221;{}&#8221; sticky_enabled=&#8221;0&#8243;]<strong>INFORMATIVA SUL TRATTAMENTO DEI DATI PERSONALI\u00a0<\/strong><\/p>\n<p>Sulla base di quanto previsto dall\u2019art. 13 del\u00a0 Regolamento Generale sulla protezione dei dati (qui di seguito,<strong>\u00a0GDPR (<\/strong><a href=\"#annex\"><strong>1<\/strong><\/a><strong>),\u00a0<\/strong>\u00a0l\u2019<strong>Associazione Non c\u2019\u00e8 Pace senza Giustizia<\/strong>\u00a0(NPSG),\u00a0l\u2019<strong>Associazione Luca Coscioni per la libert\u00e0 di ricerca scientifica<\/strong>\u00a0(di qui in appresso,\u00a0<strong>ALC<\/strong>),\u00a0l\u2019<strong>Associazione Soccorso Civile<\/strong>\u00a0(di qui in appresso, ASC), l\u2019<strong>Associazione Science for democracy<\/strong>\u00a0(di qui in appresso, SFD) e l\u2019<strong>Associazione Eumans <\/strong>(AEU) in qualit\u00e0 di contitolari del trattamento, La informano che i dati personali da Lei forniti ai fini della adesione ad ognuna delle predette Associazioni, ivi compresi i dati particolari (<a href=\"#annex\">2<\/a>) ovvero quelli forniti in qualit\u00e0 di simpatizzante o donatore o militante o volontario, ovvero ai fini della mera richiesta di informazioni relative alle iniziative portate avanti dalle stesse,\u00a0 saranno trattati per esclusive finalit\u00e0 di gestione del rapporto associativo o del diverso rapporto con le stesse intrattenuto, nel rispetto dei Suoi diritti e delle libert\u00e0 fondamentali, e limitatamente a quanto necessario per il perseguimento del legittimo interesse perseguito dai contitolari .(<a href=\"#annex\">2<\/a>) (<a href=\"#annex\">3<\/a>)<\/p>\n<p>I Suoi dati saranno trattati da coloro che operano sotto l\u2019autorit\u00e0 dei contitolari, nonch\u00e9 dai soggetti esterni che, ove ritenuto necessario o opportuno, sono nominati responsabili del trattamento.<\/p>\n<p>Il trattamento avverr\u00e0 sia con strumenti cartacei, che con l\u2019ausilio di apparecchiature elettroniche, nel pieno rispetto dei principi dettati dal GDPR, anche relativamente alla adozione delle misure adeguate a garantire la sicurezza, la protezione e la riservatezza dei Suoi dati personali.<\/p>\n<p>Il conferimento dei dati personali non \u00e8 obbligatorio, ma in suo difetto non sar\u00e0 possibile dare seguito alla gestione del rapporto associativo ovvero gestire la sua posizione in qualit\u00e0 di simpatizzante o donatore o richiedente informazioni.<\/p>\n<p>I dati personali potranno essere comunicati a soggetti terzi presso i quali sono esternalizzati alcuni servizi di natura fiscale, contabile, amministrativa e gestionale,\u00a0ed, ove previsto da norme di Legge, potranno esser comunicati ad\u00a0Enti e Soggetti terzi.<\/p>\n<p>I Suoi dati potranno esser utilizzati, previo Suo consenso, anche per l\u2019invio tramite sms, altri sistemi di messaggistica (es: whastup), e-mail, di materiale informativo relativo alle attivit\u00e0 ed alle campagne portate avanti dai contitolari per il perseguimento dei relativi fini statutari.<\/p>\n<p>Il consenso potr\u00e0 esser revocato in ogni momento.<\/p>\n<p>I dati da Lei forniti saranno conservati dopo la cessazione del rapporto associativo, per il solo periodo necessario all\u2019adempimento degli obblighi di legge che i contitolari sono tenuti a rispettare, ovvero per il periodo comunque necessario all\u2019esercizio dei diritti di difesa in caso di contenzioso.<\/p>\n<p>I dati forniti dai simpatizzanti o donatori o militanti e volontari, o richiedenti informazioni, saranno conservati, previo Suo consenso, per il sopra citato invio di materiale informativo.<\/p>\n<p>Ai sensi del GDPR, Le \u00e8 attribuito l\u2019esercizio di specifici diritti, tra cui, alle condizioni indicate nel GDPR, quello di accedere ai Suoi dati (art. 15), di rettificarli (art. 16), di cancellarli (art. 17), di limitarli (art. 18), nonch\u00e9 il diritto di opporsi al relativo trattamento (art. 21) (<a href=\"https:\/\/www.associazionelucacoscioni.it\/privacy#4\">4<\/a>). Tutti i suoi diritti potranno esser esercitati anche mediante la proposizione di un reclamo al Garante per la protezione dei dati personali.<\/p>\n<p>Contitolari del\u00a0trattamento sono:<\/p>\n<ul>\n<li>l\u2019Associazione Non c\u2019\u00e8 Pace senza Giustizia con sede in Via Costanza Baudana Vaccolini n. 5 \u2013 00153 Roma tel. +39 06 45436641<\/li>\n<li>l\u2019Associazione Luca Coscioni per la ricerca scientifica, con sede in Via di San Basilio 64 \u2013 00187 Roma tel. +39 06.64010848 Fax +39 06.23327248\u2013 PEC\u00a0<a href=\"mailto:associazionelucacoscioni@pec.it\">associazionelucacoscioni@pec.it<\/a>\u00a0\u2013 E-mail:\u00a0<a href=\"mailto:info@associazionelucacoscioni.it\">info@associazionelucacoscioni.it<\/a>;<\/li>\n<li>l\u2019Associazione Soccorso Civile, con sede in Via Gian Leonardo 16 \u2013 00147 Roma<\/li>\n<li>l\u2019Associazione Science for democracy, con sede in Rue de la Loi 26 \u2013 1000 Bruxelles \u2013 Belgio E-mail:\u00a0<a href=\"mailto:info@sciencefordemocracy.org\">info@sciencefordemocracy.org<\/a><\/li>\n<li>l\u2019Associazione Eumans, con sede in Via di San Basilio 64 \u2013 00187 Roma<\/li>\n<\/ul>\n<p>&nbsp;<\/p>\n<p><a id=\"annex\"><em>Ultima revisione di questa informativa: dicembre 2025<\/em><\/a><\/p>\n<p>\u2014\u2014\u2014\u2014\u2014<\/p>\n<p>[1] Regolamento (UE) 2016\/679\u00a0 del Parlamento Europeo e del Consiglio del 27.04.16 relativo alla protezione delle persone fisiche con riguardo al trattamento di dati personali, nonch\u00e9 alla libera circolazione di tali dati e che abroga la Direttiva 85\/46\/CE (General Data Protection Regulation)<\/p>\n<p>[2] Rientrano nella nozione di dati particolari, tra gli altri, e per quanto qui interessa, quelli che rivelano la origine razziale o etnica, l\u2019appartenenza sindacale, i dati biometrici intesi ad identificare in modo univoco una persona fisica, ed i dati relativi alla salute<\/p>\n<p>[3] La cd. base giuridica del trattamento, deve quindi esser individuata nell\u2019art. 6 par. 1 lett. \u00a0f) (bilanciamento di interessi) e, quanto ai dati particolari, nell\u2019art. 9 par. 2 lett. d) del GDPR<\/p>\n<p>[4]\u00a0 Essendo il trattamento dei suoi dati basato sul legittimo interesse di cui all\u2019art. 6 par. 1 lett. f), non sussistono i presupposti per l\u2019esercizio del diritto alla portabilit\u00e0 di cui all\u2019art. 20 del GDPR[\/et_pb_text][\/et_pb_column][\/et_pb_row][\/et_pb_section]<\/p>\n","protected":false},"excerpt":{"rendered":"<p>Privacy Policy\t\t\t<!-- Flexy Breadcrumb -->\r\n\t\t\t<div class=\"fbc fbc-page\">\r\n\r\n\t\t\t\t<!-- Breadcrumb wrapper -->\r\n\t\t\t\t<div class=\"fbc-wrap\">\r\n\r\n\t\t\t\t\t<!-- Ordered list-->\r\n\t\t\t\t\t<ol class=\"fbc-items\" itemscope itemtype=\"https:\/\/schema.org\/BreadcrumbList\">\r\n\t\t\t\t\t\t            <li itemprop=\"itemListElement\" itemscope itemtype=\"https:\/\/schema.org\/ListItem\">\r\n                <span itemprop=\"name\">\r\n                    <!-- Home Link -->\r\n                    <a itemprop=\"item\" href=\"https:\/\/www.npwj.org\">\r\n                    \r\n                        Home                    <\/a>\r\n                <\/span>\r\n                <meta itemprop=\"position\" content=\"1\" \/><!-- Meta Position-->\r\n             <\/li><li><span class=\"fbc-separator\">-<\/span><\/li><li class=\"active\" itemprop=\"itemListElement\" itemscope itemtype=\"https:\/\/schema.org\/ListItem\"><span itemprop=\"name\" title=\"Privacy\">Privacy<\/span><meta itemprop=\"position\" content=\"2\" \/><\/li>\t\t\t\t\t<\/ol>\r\n\t\t\t\t\t<div class=\"clearfix\"><\/div>\r\n\t\t\t\t<\/div>\r\n\t\t\t<\/div>\r\n\t\t\tINFORMATIVA SUL TRATTAMENTO DEI DATI PERSONALI\u00a0 Sulla base di quanto previsto dall\u2019art. 13 del\u00a0 Regolamento Generale sulla protezione dei dati (qui di seguito,\u00a0GDPR (1),\u00a0\u00a0l\u2019Associazione Non c\u2019\u00e8 Pace senza Giustizia\u00a0(NPSG),\u00a0l\u2019Associazione [&hellip;]<\/p>\n","protected":false},"author":4,"featured_media":0,"parent":0,"menu_order":0,"comment_status":"closed","ping_status":"closed","template":"","meta":{"_et_pb_use_builder":"on","_et_pb_old_content":"","_et_gb_content_width":"","footnotes":""},"yoast_head":"<!-- This site is optimized with the Yoast SEO plugin v22.6 - https:\/\/yoast.com\/wordpress\/plugins\/seo\/ -->\n<title>Privacy - NPWJ<\/title>\n<meta name=\"description\" content=\"Non c&#039;\u00e8 Pace Senza Giustizia (NPSG) \u00e8 un&#039;organizzazione internazionale senza scopo di lucro che lavora per la protezione e la promozione dei diritti umani, della democrazia, dello stato di diritto e della giustizia internazionale.\" \/>\n<meta name=\"robots\" content=\"index, follow, max-snippet:-1, max-image-preview:large, max-video-preview:-1\" \/>\n<link rel=\"canonical\" href=\"https:\/\/www.npwj.org\/it\/privacy\/\" \/>\n<meta property=\"og:locale\" content=\"it_IT\" \/>\n<meta property=\"og:type\" content=\"article\" \/>\n<meta property=\"og:title\" content=\"Privacy - NPWJ\" \/>\n<meta property=\"og:description\" content=\"Non c&#039;\u00e8 Pace Senza Giustizia (NPSG) \u00e8 un&#039;organizzazione internazionale senza scopo di lucro che lavora per la protezione e la promozione dei diritti umani, della democrazia, dello stato di diritto e della giustizia internazionale.\" \/>\n<meta property=\"og:url\" content=\"https:\/\/www.npwj.org\/it\/privacy\/\" \/>\n<meta property=\"og:site_name\" content=\"NPWJ\" \/>\n<meta property=\"article:publisher\" content=\"https:\/\/www.facebook.com\/npwj.org\/\" \/>\n<meta property=\"article:modified_time\" content=\"2026-02-12T16:51:43+00:00\" \/>\n<meta property=\"og:image\" content=\"https:\/\/www.npwj.org\/wp-content\/uploads\/2024\/04\/npwj-thumb.jpg\" \/>\n\t<meta property=\"og:image:width\" content=\"1200\" \/>\n\t<meta property=\"og:image:height\" content=\"630\" \/>\n\t<meta property=\"og:image:type\" content=\"image\/jpeg\" \/>\n<meta name=\"twitter:card\" content=\"summary_large_image\" \/>\n<meta name=\"twitter:site\" content=\"@npwjpress\" \/>\n<script type=\"application\/ld+json\" class=\"yoast-schema-graph\">{\"@context\":\"https:\/\/schema.org\",\"@graph\":[{\"@type\":\"WebPage\",\"@id\":\"https:\/\/www.npwj.org\/it\/privacy\/\",\"url\":\"https:\/\/www.npwj.org\/it\/privacy\/\",\"name\":\"Privacy - NPWJ\",\"isPartOf\":{\"@id\":\"https:\/\/www.npwj.org\/#website\"},\"datePublished\":\"2026-02-12T16:17:14+00:00\",\"dateModified\":\"2026-02-12T16:51:43+00:00\",\"description\":\"Non c'\u00e8 Pace Senza Giustizia (NPSG) \u00e8 un'organizzazione internazionale senza scopo di lucro che lavora per la protezione e la promozione dei diritti umani, della democrazia, dello stato di diritto e della giustizia internazionale.\",\"breadcrumb\":{\"@id\":\"https:\/\/www.npwj.org\/it\/privacy\/#breadcrumb\"},\"inLanguage\":\"it-IT\",\"potentialAction\":[{\"@type\":\"ReadAction\",\"target\":[\"https:\/\/www.npwj.org\/it\/privacy\/\"]}]},{\"@type\":\"BreadcrumbList\",\"@id\":\"https:\/\/www.npwj.org\/it\/privacy\/#breadcrumb\",\"itemListElement\":[{\"@type\":\"ListItem\",\"position\":1,\"name\":\"Home\",\"item\":\"https:\/\/www.npwj.org\/\"},{\"@type\":\"ListItem\",\"position\":2,\"name\":\"Privacy\"}]},{\"@type\":\"WebSite\",\"@id\":\"https:\/\/www.npwj.org\/#website\",\"url\":\"https:\/\/www.npwj.org\/\",\"name\":\"NPWJ\",\"description\":\"No Peace Without Justice\",\"publisher\":{\"@id\":\"https:\/\/www.npwj.org\/#organization\"},\"alternateName\":\"NPWJ\",\"potentialAction\":[{\"@type\":\"SearchAction\",\"target\":{\"@type\":\"EntryPoint\",\"urlTemplate\":\"https:\/\/www.npwj.org\/?s={search_term_string}\"},\"query-input\":\"required name=search_term_string\"}],\"inLanguage\":\"it-IT\"},{\"@type\":\"Organization\",\"@id\":\"https:\/\/www.npwj.org\/#organization\",\"name\":\"No Peace Without Justice\",\"alternateName\":\"NPWJ\",\"url\":\"https:\/\/www.npwj.org\/\",\"logo\":{\"@type\":\"ImageObject\",\"inLanguage\":\"it-IT\",\"@id\":\"https:\/\/www.npwj.org\/#\/schema\/logo\/image\/\",\"url\":\"https:\/\/www.npwj.org\/wp-content\/uploads\/2024\/05\/logo-npwj-npsg.png\",\"contentUrl\":\"https:\/\/www.npwj.org\/wp-content\/uploads\/2024\/05\/logo-npwj-npsg.png\",\"width\":1080,\"height\":1080,\"caption\":\"No Peace Without Justice\"},\"image\":{\"@id\":\"https:\/\/www.npwj.org\/#\/schema\/logo\/image\/\"},\"sameAs\":[\"https:\/\/www.facebook.com\/npwj.org\/\",\"https:\/\/x.com\/npwjpress\",\"https:\/\/www.instagram.com\/npwj_\/\"]}]}<\/script>\n<!-- \/ Yoast SEO plugin. -->","yoast_head_json":{"title":"Privacy - NPWJ","description":"Non c'\u00e8 Pace Senza Giustizia (NPSG) \u00e8 un'organizzazione internazionale senza scopo di lucro che lavora per la protezione e la promozione dei diritti umani, della democrazia, dello stato di diritto e della giustizia internazionale.","robots":{"index":"index","follow":"follow","max-snippet":"max-snippet:-1","max-image-preview":"max-image-preview:large","max-video-preview":"max-video-preview:-1"},"canonical":"https:\/\/www.npwj.org\/it\/privacy\/","og_locale":"it_IT","og_type":"article","og_title":"Privacy - NPWJ","og_description":"Non c'\u00e8 Pace Senza Giustizia (NPSG) \u00e8 un'organizzazione internazionale senza scopo di lucro che lavora per la protezione e la promozione dei diritti umani, della democrazia, dello stato di diritto e della giustizia internazionale.","og_url":"https:\/\/www.npwj.org\/it\/privacy\/","og_site_name":"NPWJ","article_publisher":"https:\/\/www.facebook.com\/npwj.org\/","article_modified_time":"2026-02-12T16:51:43+00:00","og_image":[{"width":1200,"height":630,"url":"https:\/\/www.npwj.org\/wp-content\/uploads\/2024\/04\/npwj-thumb.jpg","type":"image\/jpeg"}],"twitter_card":"summary_large_image","twitter_site":"@npwjpress","schema":{"@context":"https:\/\/schema.org","@graph":[{"@type":"WebPage","@id":"https:\/\/www.npwj.org\/it\/privacy\/","url":"https:\/\/www.npwj.org\/it\/privacy\/","name":"Privacy - NPWJ","isPartOf":{"@id":"https:\/\/www.npwj.org\/#website"},"datePublished":"2026-02-12T16:17:14+00:00","dateModified":"2026-02-12T16:51:43+00:00","description":"Non c'\u00e8 Pace Senza Giustizia (NPSG) \u00e8 un'organizzazione internazionale senza scopo di lucro che lavora per la protezione e la promozione dei diritti umani, della democrazia, dello stato di diritto e della giustizia internazionale.","breadcrumb":{"@id":"https:\/\/www.npwj.org\/it\/privacy\/#breadcrumb"},"inLanguage":"it-IT","potentialAction":[{"@type":"ReadAction","target":["https:\/\/www.npwj.org\/it\/privacy\/"]}]},{"@type":"BreadcrumbList","@id":"https:\/\/www.npwj.org\/it\/privacy\/#breadcrumb","itemListElement":[{"@type":"ListItem","position":1,"name":"Home","item":"https:\/\/www.npwj.org\/"},{"@type":"ListItem","position":2,"name":"Privacy"}]},{"@type":"WebSite","@id":"https:\/\/www.npwj.org\/#website","url":"https:\/\/www.npwj.org\/","name":"NPWJ","description":"No Peace Without Justice","publisher":{"@id":"https:\/\/www.npwj.org\/#organization"},"alternateName":"NPWJ","potentialAction":[{"@type":"SearchAction","target":{"@type":"EntryPoint","urlTemplate":"https:\/\/www.npwj.org\/?s={search_term_string}"},"query-input":"required name=search_term_string"}],"inLanguage":"it-IT"},{"@type":"Organization","@id":"https:\/\/www.npwj.org\/#organization","name":"No Peace Without Justice","alternateName":"NPWJ","url":"https:\/\/www.npwj.org\/","logo":{"@type":"ImageObject","inLanguage":"it-IT","@id":"https:\/\/www.npwj.org\/#\/schema\/logo\/image\/","url":"https:\/\/www.npwj.org\/wp-content\/uploads\/2024\/05\/logo-npwj-npsg.png","contentUrl":"https:\/\/www.npwj.org\/wp-content\/uploads\/2024\/05\/logo-npwj-npsg.png","width":1080,"height":1080,"caption":"No Peace Without Justice"},"image":{"@id":"https:\/\/www.npwj.org\/#\/schema\/logo\/image\/"},"sameAs":["https:\/\/www.facebook.com\/npwj.org\/","https:\/\/x.com\/npwjpress","https:\/\/www.instagram.com\/npwj_\/"]}]}},"_links":{"self":[{"href":"https:\/\/www.npwj.org\/it\/wp-json\/wp\/v2\/pages\/259755"}],"collection":[{"href":"https:\/\/www.npwj.org\/it\/wp-json\/wp\/v2\/pages"}],"about":[{"href":"https:\/\/www.npwj.org\/it\/wp-json\/wp\/v2\/types\/page"}],"author":[{"embeddable":true,"href":"https:\/\/www.npwj.org\/it\/wp-json\/wp\/v2\/users\/4"}],"replies":[{"embeddable":true,"href":"https:\/\/www.npwj.org\/it\/wp-json\/wp\/v2\/comments?post=259755"}],"version-history":[{"count":4,"href":"https:\/\/www.npwj.org\/it\/wp-json\/wp\/v2\/pages\/259755\/revisions"}],"predecessor-version":[{"id":259770,"href":"https:\/\/www.npwj.org\/it\/wp-json\/wp\/v2\/pages\/259755\/revisions\/259770"}],"wp:attachment":[{"href":"https:\/\/www.npwj.org\/it\/wp-json\/wp\/v2\/media?parent=259755"}],"curies":[{"name":"wp","href":"https:\/\/api.w.org\/{rel}","templated":true}]}}